{"id":86,"date":"2025-07-08T16:02:29","date_gmt":"2025-07-08T16:02:29","guid":{"rendered":"https:\/\/ecolepourtous.ch\/?page_id=86"},"modified":"2025-09-02T20:30:57","modified_gmt":"2025-09-02T20:30:57","slug":"lettre-grand-conseil","status":"publish","type":"page","link":"https:\/\/ecolepourtous.ch\/index.php\/lettre-grand-conseil\/","title":{"rendered":"Lettres ouvertes au Conseil d&#8217;Etat"},"content":{"rendered":"\n<p class=\"has-large-font-size\">Enfin une r\u00e9ponse apr\u00e8s plus de 2 mois:<\/p>\n\n\n\n<p>Voici un extrait de la r\u00e9ponse de Mme Hitpold dat\u00e9e du 27 ao\u00fbt \u00e0 notre lettre du 18 juin dernier (voir plus bas).<\/p>\n\n\n\n<figure class=\"wp-block-image size-large\"><img loading=\"lazy\" decoding=\"async\" width=\"1024\" height=\"324\" src=\"https:\/\/ecolepourtous.ch\/wp-content\/uploads\/2025\/09\/Hitpold-reponse-1024x324.jpg\" alt=\"\" class=\"wp-image-616\" srcset=\"https:\/\/ecolepourtous.ch\/wp-content\/uploads\/2025\/09\/Hitpold-reponse-1024x324.jpg 1024w, https:\/\/ecolepourtous.ch\/wp-content\/uploads\/2025\/09\/Hitpold-reponse-300x95.jpg 300w, https:\/\/ecolepourtous.ch\/wp-content\/uploads\/2025\/09\/Hitpold-reponse-768x243.jpg 768w, https:\/\/ecolepourtous.ch\/wp-content\/uploads\/2025\/09\/Hitpold-reponse-1536x486.jpg 1536w, https:\/\/ecolepourtous.ch\/wp-content\/uploads\/2025\/09\/Hitpold-reponse.jpg 1600w\" sizes=\"auto, (max-width: 1024px) 100vw, 1024px\" \/><\/figure>\n\n\n\n<p>Comment ne pas voir une immense contradiction entre ces deux paragraphes en reconnaissant que nos enfants sont pleinement int\u00e9gr\u00e9s dans leur environnement, puis en disant que cette d\u00e9cision vise \u00e0 favoriser les liens sociaux de ces m\u00eames enfants ????<\/p>\n\n\n\n<p class=\"has-large-font-size\">Collectif d&#8217;Athenaz:<\/p>\n\n\n\n<figure class=\"wp-block-image size-large\"><img loading=\"lazy\" decoding=\"async\" width=\"738\" height=\"1024\" src=\"https:\/\/ecolepourtous.ch\/wp-content\/uploads\/2025\/07\/Lettre-Conseil-Etat-1-738x1024.png\" alt=\"\" class=\"wp-image-128\" srcset=\"https:\/\/ecolepourtous.ch\/wp-content\/uploads\/2025\/07\/Lettre-Conseil-Etat-1-738x1024.png 738w, https:\/\/ecolepourtous.ch\/wp-content\/uploads\/2025\/07\/Lettre-Conseil-Etat-1-216x300.png 216w, https:\/\/ecolepourtous.ch\/wp-content\/uploads\/2025\/07\/Lettre-Conseil-Etat-1.png 750w\" sizes=\"auto, (max-width: 738px) 100vw, 738px\" \/><\/figure>\n\n\n\n<figure class=\"wp-block-image size-full\"><img loading=\"lazy\" decoding=\"async\" width=\"750\" height=\"1015\" src=\"https:\/\/ecolepourtous.ch\/wp-content\/uploads\/2025\/07\/Lettre-Conseil-Etat-2.png\" alt=\"\" class=\"wp-image-129\" srcset=\"https:\/\/ecolepourtous.ch\/wp-content\/uploads\/2025\/07\/Lettre-Conseil-Etat-2.png 750w, https:\/\/ecolepourtous.ch\/wp-content\/uploads\/2025\/07\/Lettre-Conseil-Etat-2-222x300.png 222w\" sizes=\"auto, (max-width: 750px) 100vw, 750px\" \/><\/figure>\n\n\n\n<figure class=\"wp-block-image size-full\"><img loading=\"lazy\" decoding=\"async\" width=\"743\" height=\"468\" src=\"https:\/\/ecolepourtous.ch\/wp-content\/uploads\/2025\/07\/Lettre-Conseil-Etat-3.png\" alt=\"\" class=\"wp-image-145\" srcset=\"https:\/\/ecolepourtous.ch\/wp-content\/uploads\/2025\/07\/Lettre-Conseil-Etat-3.png 743w, https:\/\/ecolepourtous.ch\/wp-content\/uploads\/2025\/07\/Lettre-Conseil-Etat-3-300x189.png 300w\" sizes=\"auto, (max-width: 743px) 100vw, 743px\" \/><\/figure>\n\n\n\n<p class=\"has-large-font-size\">Collectif d&#8217;Ani\u00e8res:<\/p>\n\n\n\n<figure class=\"wp-block-image size-large\"><img loading=\"lazy\" decoding=\"async\" width=\"668\" height=\"1024\" src=\"https:\/\/ecolepourtous.ch\/wp-content\/uploads\/2025\/08\/Lettre-Anieres-668x1024.png\" alt=\"\" class=\"wp-image-489\" srcset=\"https:\/\/ecolepourtous.ch\/wp-content\/uploads\/2025\/08\/Lettre-Anieres-668x1024.png 668w, https:\/\/ecolepourtous.ch\/wp-content\/uploads\/2025\/08\/Lettre-Anieres-196x300.png 196w, https:\/\/ecolepourtous.ch\/wp-content\/uploads\/2025\/08\/Lettre-Anieres.png 732w\" sizes=\"auto, (max-width: 668px) 100vw, 668px\" \/><\/figure>\n\n\n\n<figure class=\"wp-block-image size-large\"><img loading=\"lazy\" decoding=\"async\" width=\"676\" height=\"1024\" src=\"https:\/\/ecolepourtous.ch\/wp-content\/uploads\/2025\/08\/Lettre-Anieres-2-676x1024.png\" alt=\"\" class=\"wp-image-490\" srcset=\"https:\/\/ecolepourtous.ch\/wp-content\/uploads\/2025\/08\/Lettre-Anieres-2-676x1024.png 676w, https:\/\/ecolepourtous.ch\/wp-content\/uploads\/2025\/08\/Lettre-Anieres-2-198x300.png 198w, https:\/\/ecolepourtous.ch\/wp-content\/uploads\/2025\/08\/Lettre-Anieres-2.png 743w\" sizes=\"auto, (max-width: 676px) 100vw, 676px\" \/><\/figure>\n\n\n\n<figure class=\"wp-block-image size-large\"><img loading=\"lazy\" decoding=\"async\" width=\"688\" height=\"1024\" src=\"https:\/\/ecolepourtous.ch\/wp-content\/uploads\/2025\/08\/Lettre-Anieres-3-688x1024.png\" alt=\"\" class=\"wp-image-491\" srcset=\"https:\/\/ecolepourtous.ch\/wp-content\/uploads\/2025\/08\/Lettre-Anieres-3-688x1024.png 688w, https:\/\/ecolepourtous.ch\/wp-content\/uploads\/2025\/08\/Lettre-Anieres-3-202x300.png 202w, https:\/\/ecolepourtous.ch\/wp-content\/uploads\/2025\/08\/Lettre-Anieres-3.png 756w\" sizes=\"auto, (max-width: 688px) 100vw, 688px\" \/><\/figure>\n\n\n\n<figure class=\"wp-block-image size-full\"><img loading=\"lazy\" decoding=\"async\" width=\"748\" height=\"420\" src=\"https:\/\/ecolepourtous.ch\/wp-content\/uploads\/2025\/08\/Lettre-Anieres-4.png\" alt=\"\" class=\"wp-image-492\" srcset=\"https:\/\/ecolepourtous.ch\/wp-content\/uploads\/2025\/08\/Lettre-Anieres-4.png 748w, https:\/\/ecolepourtous.ch\/wp-content\/uploads\/2025\/08\/Lettre-Anieres-4-300x168.png 300w\" sizes=\"auto, (max-width: 748px) 100vw, 748px\" \/><\/figure>\n","protected":false},"excerpt":{"rendered":"<p>Enfin une r\u00e9ponse apr\u00e8s plus de 2 mois: Voici un extrait de la r\u00e9ponse de Mme Hitpold dat\u00e9e du 27 ao\u00fbt \u00e0 notre lettre du 18 juin dernier (voir plus bas). Comment ne pas voir une immense contradiction entre ces deux paragraphes en reconnaissant que nos enfants sont pleinement int\u00e9gr\u00e9s dans leur environnement, puis en [&hellip;]<\/p>\n","protected":false},"author":1,"featured_media":0,"parent":0,"menu_order":0,"comment_status":"closed","ping_status":"closed","template":"","meta":{"footnotes":""},"class_list":["post-86","page","type-page","status-publish","hentry"],"_links":{"self":[{"href":"https:\/\/ecolepourtous.ch\/index.php\/wp-json\/wp\/v2\/pages\/86","targetHints":{"allow":["GET"]}}],"collection":[{"href":"https:\/\/ecolepourtous.ch\/index.php\/wp-json\/wp\/v2\/pages"}],"about":[{"href":"https:\/\/ecolepourtous.ch\/index.php\/wp-json\/wp\/v2\/types\/page"}],"author":[{"embeddable":true,"href":"https:\/\/ecolepourtous.ch\/index.php\/wp-json\/wp\/v2\/users\/1"}],"replies":[{"embeddable":true,"href":"https:\/\/ecolepourtous.ch\/index.php\/wp-json\/wp\/v2\/comments?post=86"}],"version-history":[{"count":6,"href":"https:\/\/ecolepourtous.ch\/index.php\/wp-json\/wp\/v2\/pages\/86\/revisions"}],"predecessor-version":[{"id":617,"href":"https:\/\/ecolepourtous.ch\/index.php\/wp-json\/wp\/v2\/pages\/86\/revisions\/617"}],"wp:attachment":[{"href":"https:\/\/ecolepourtous.ch\/index.php\/wp-json\/wp\/v2\/media?parent=86"}],"curies":[{"name":"wp","href":"https:\/\/api.w.org\/{rel}","templated":true}]}}