{"id":565,"date":"2025-08-30T14:53:19","date_gmt":"2025-08-30T14:53:19","guid":{"rendered":"https:\/\/ecolepourtous.ch\/?page_id=565"},"modified":"2025-09-06T08:45:06","modified_gmt":"2025-09-06T08:45:06","slug":"mensonges","status":"publish","type":"page","link":"https:\/\/ecolepourtous.ch\/index.php\/mensonges\/","title":{"rendered":"Fake news"},"content":{"rendered":"\n<p>Le fait que les familles concern\u00e9es r\u00e9agissent vivement face \u00e0 cette d\u00e9cision aux effets tr\u00e8s limit\u00e9s sur les places disponibles et le budget de l&#8217;instruction publique, mais aux cons\u00e9quences disproportionn\u00e9es sur leurs vies et surtout sur leurs enfants d\u00e9range.<\/p>\n\n\n\n<p>Tous les moyens sont bons pour faire dire \u00e0 notre collectif des choses totalement erron\u00e9es afin de nous discr\u00e9diter. En voici quelques exemples tir\u00e9s entre autres des commentaires sur l&#8217;<a href=\"https:\/\/www.tdg.ch\/geneve-les-deputes-repoussent-le-debat-sur-les-eleves-frontaliers-756750940385\" target=\"_blank\" rel=\"noopener\">article de la TDG du 28 ao\u00fbt,<\/a> et leur rectification .<\/p>\n\n\n\n<figure class=\"wp-block-image size-large\"><img loading=\"lazy\" decoding=\"async\" width=\"1024\" height=\"576\" src=\"https:\/\/ecolepourtous.ch\/wp-content\/uploads\/2025\/09\/Slide8-1024x576.png\" alt=\"\" class=\"wp-image-656\" srcset=\"https:\/\/ecolepourtous.ch\/wp-content\/uploads\/2025\/09\/Slide8-1024x576.png 1024w, https:\/\/ecolepourtous.ch\/wp-content\/uploads\/2025\/09\/Slide8-300x169.png 300w, https:\/\/ecolepourtous.ch\/wp-content\/uploads\/2025\/09\/Slide8-768x432.png 768w, https:\/\/ecolepourtous.ch\/wp-content\/uploads\/2025\/09\/Slide8.png 1280w\" sizes=\"auto, (max-width: 1024px) 100vw, 1024px\" \/><\/figure>\n\n\n\n<figure class=\"wp-block-image size-large\"><img loading=\"lazy\" decoding=\"async\" width=\"1024\" height=\"576\" src=\"https:\/\/ecolepourtous.ch\/wp-content\/uploads\/2025\/09\/Slide1-1024x576.png\" alt=\"\" class=\"wp-image-601\" srcset=\"https:\/\/ecolepourtous.ch\/wp-content\/uploads\/2025\/09\/Slide1-1024x576.png 1024w, https:\/\/ecolepourtous.ch\/wp-content\/uploads\/2025\/09\/Slide1-300x169.png 300w, https:\/\/ecolepourtous.ch\/wp-content\/uploads\/2025\/09\/Slide1-768x432.png 768w, https:\/\/ecolepourtous.ch\/wp-content\/uploads\/2025\/09\/Slide1.png 1280w\" sizes=\"auto, (max-width: 1024px) 100vw, 1024px\" \/><\/figure>\n\n\n\n<figure class=\"wp-block-image size-large\"><img loading=\"lazy\" decoding=\"async\" width=\"1024\" height=\"576\" src=\"https:\/\/ecolepourtous.ch\/wp-content\/uploads\/2025\/08\/Slide3-1-1024x576.png\" alt=\"\" class=\"wp-image-594\" srcset=\"https:\/\/ecolepourtous.ch\/wp-content\/uploads\/2025\/08\/Slide3-1-1024x576.png 1024w, https:\/\/ecolepourtous.ch\/wp-content\/uploads\/2025\/08\/Slide3-1-300x169.png 300w, https:\/\/ecolepourtous.ch\/wp-content\/uploads\/2025\/08\/Slide3-1-768x432.png 768w, https:\/\/ecolepourtous.ch\/wp-content\/uploads\/2025\/08\/Slide3-1.png 1280w\" sizes=\"auto, (max-width: 1024px) 100vw, 1024px\" \/><\/figure>\n\n\n\n<figure class=\"wp-block-image size-large\"><img loading=\"lazy\" decoding=\"async\" width=\"1024\" height=\"576\" src=\"https:\/\/ecolepourtous.ch\/wp-content\/uploads\/2025\/08\/Slide2-1024x576.png\" alt=\"\" class=\"wp-image-570\" srcset=\"https:\/\/ecolepourtous.ch\/wp-content\/uploads\/2025\/08\/Slide2-1024x576.png 1024w, https:\/\/ecolepourtous.ch\/wp-content\/uploads\/2025\/08\/Slide2-300x169.png 300w, https:\/\/ecolepourtous.ch\/wp-content\/uploads\/2025\/08\/Slide2-768x432.png 768w, https:\/\/ecolepourtous.ch\/wp-content\/uploads\/2025\/08\/Slide2.png 1280w\" sizes=\"auto, (max-width: 1024px) 100vw, 1024px\" \/><\/figure>\n\n\n\n<figure class=\"wp-block-image size-large\"><img loading=\"lazy\" decoding=\"async\" width=\"1024\" height=\"576\" src=\"https:\/\/ecolepourtous.ch\/wp-content\/uploads\/2025\/08\/Slide4-1024x576.png\" alt=\"\" class=\"wp-image-575\" srcset=\"https:\/\/ecolepourtous.ch\/wp-content\/uploads\/2025\/08\/Slide4-1024x576.png 1024w, https:\/\/ecolepourtous.ch\/wp-content\/uploads\/2025\/08\/Slide4-300x169.png 300w, https:\/\/ecolepourtous.ch\/wp-content\/uploads\/2025\/08\/Slide4-768x432.png 768w, https:\/\/ecolepourtous.ch\/wp-content\/uploads\/2025\/08\/Slide4.png 1280w\" sizes=\"auto, (max-width: 1024px) 100vw, 1024px\" \/><\/figure>\n\n\n\n<figure class=\"wp-block-image size-large\"><img loading=\"lazy\" decoding=\"async\" width=\"1024\" height=\"576\" src=\"https:\/\/ecolepourtous.ch\/wp-content\/uploads\/2025\/08\/Slide5-1024x576.png\" alt=\"\" class=\"wp-image-576\" srcset=\"https:\/\/ecolepourtous.ch\/wp-content\/uploads\/2025\/08\/Slide5-1024x576.png 1024w, https:\/\/ecolepourtous.ch\/wp-content\/uploads\/2025\/08\/Slide5-300x169.png 300w, https:\/\/ecolepourtous.ch\/wp-content\/uploads\/2025\/08\/Slide5-768x432.png 768w, https:\/\/ecolepourtous.ch\/wp-content\/uploads\/2025\/08\/Slide5.png 1280w\" sizes=\"auto, (max-width: 1024px) 100vw, 1024px\" \/><\/figure>\n\n\n\n<figure class=\"wp-block-image size-large\"><img loading=\"lazy\" decoding=\"async\" width=\"1024\" height=\"576\" src=\"https:\/\/ecolepourtous.ch\/wp-content\/uploads\/2025\/08\/Slide6-1024x576.png\" alt=\"\" class=\"wp-image-587\" srcset=\"https:\/\/ecolepourtous.ch\/wp-content\/uploads\/2025\/08\/Slide6-1024x576.png 1024w, https:\/\/ecolepourtous.ch\/wp-content\/uploads\/2025\/08\/Slide6-300x169.png 300w, https:\/\/ecolepourtous.ch\/wp-content\/uploads\/2025\/08\/Slide6-768x432.png 768w, https:\/\/ecolepourtous.ch\/wp-content\/uploads\/2025\/08\/Slide6.png 1280w\" sizes=\"auto, (max-width: 1024px) 100vw, 1024px\" \/><\/figure>\n\n\n\n<figure class=\"wp-block-image size-large\"><img loading=\"lazy\" decoding=\"async\" width=\"1024\" height=\"576\" src=\"https:\/\/ecolepourtous.ch\/wp-content\/uploads\/2025\/08\/Slide7-1024x576.png\" alt=\"\" class=\"wp-image-588\" srcset=\"https:\/\/ecolepourtous.ch\/wp-content\/uploads\/2025\/08\/Slide7-1024x576.png 1024w, https:\/\/ecolepourtous.ch\/wp-content\/uploads\/2025\/08\/Slide7-300x169.png 300w, https:\/\/ecolepourtous.ch\/wp-content\/uploads\/2025\/08\/Slide7-768x432.png 768w, https:\/\/ecolepourtous.ch\/wp-content\/uploads\/2025\/08\/Slide7.png 1280w\" sizes=\"auto, (max-width: 1024px) 100vw, 1024px\" \/><\/figure>\n","protected":false},"excerpt":{"rendered":"<p>Le fait que les familles concern\u00e9es r\u00e9agissent vivement face \u00e0 cette d\u00e9cision aux effets tr\u00e8s limit\u00e9s sur les places disponibles et le budget de l&#8217;instruction publique, mais aux cons\u00e9quences disproportionn\u00e9es sur leurs vies et surtout sur leurs enfants d\u00e9range. Tous les moyens sont bons pour faire dire \u00e0 notre collectif des choses totalement erron\u00e9es afin [&hellip;]<\/p>\n","protected":false},"author":2,"featured_media":0,"parent":0,"menu_order":0,"comment_status":"closed","ping_status":"closed","template":"","meta":{"footnotes":""},"class_list":["post-565","page","type-page","status-publish","hentry"],"_links":{"self":[{"href":"https:\/\/ecolepourtous.ch\/index.php\/wp-json\/wp\/v2\/pages\/565","targetHints":{"allow":["GET"]}}],"collection":[{"href":"https:\/\/ecolepourtous.ch\/index.php\/wp-json\/wp\/v2\/pages"}],"about":[{"href":"https:\/\/ecolepourtous.ch\/index.php\/wp-json\/wp\/v2\/types\/page"}],"author":[{"embeddable":true,"href":"https:\/\/ecolepourtous.ch\/index.php\/wp-json\/wp\/v2\/users\/2"}],"replies":[{"embeddable":true,"href":"https:\/\/ecolepourtous.ch\/index.php\/wp-json\/wp\/v2\/comments?post=565"}],"version-history":[{"count":14,"href":"https:\/\/ecolepourtous.ch\/index.php\/wp-json\/wp\/v2\/pages\/565\/revisions"}],"predecessor-version":[{"id":658,"href":"https:\/\/ecolepourtous.ch\/index.php\/wp-json\/wp\/v2\/pages\/565\/revisions\/658"}],"wp:attachment":[{"href":"https:\/\/ecolepourtous.ch\/index.php\/wp-json\/wp\/v2\/media?parent=565"}],"curies":[{"name":"wp","href":"https:\/\/api.w.org\/{rel}","templated":true}]}}