{"id":460,"date":"2025-08-20T05:58:26","date_gmt":"2025-08-20T05:58:26","guid":{"rendered":"https:\/\/ecolepourtous.ch\/?page_id=460"},"modified":"2025-08-23T10:15:40","modified_gmt":"2025-08-23T10:15:40","slug":"argumentaire-au-grand-conseil","status":"publish","type":"page","link":"https:\/\/ecolepourtous.ch\/index.php\/argumentaire-au-grand-conseil\/","title":{"rendered":"Argumentaire au Grand Conseil"},"content":{"rendered":"\n<p>Interview de Mme Hitpold par la FAPEO<\/p>\n\n\n\n<figure class=\"wp-block-image size-full\"><img loading=\"lazy\" decoding=\"async\" width=\"840\" height=\"104\" src=\"https:\/\/ecolepourtous.ch\/wp-content\/uploads\/2025\/08\/Hitpold.png\" alt=\"\" class=\"wp-image-475\" srcset=\"https:\/\/ecolepourtous.ch\/wp-content\/uploads\/2025\/08\/Hitpold.png 840w, https:\/\/ecolepourtous.ch\/wp-content\/uploads\/2025\/08\/Hitpold-300x37.png 300w, https:\/\/ecolepourtous.ch\/wp-content\/uploads\/2025\/08\/Hitpold-768x95.png 768w\" sizes=\"auto, (max-width: 840px) 100vw, 840px\" \/><\/figure>\n\n\n\n<p class=\"has-small-font-size\">De qui se moque-t-on ? des familles, des enfants, de tout le monde&#8230; Comment faire confiance \u00e0 la parole de nos \u00e9lus. Interview de la <a href=\"https:\/\/www.fapeo.ch\/entretien-avec-madame-anne-hiltpold-conseillere-detat-en-charge-du-dip\/\" data-type=\"link\" data-id=\"https:\/\/www.fapeo.ch\/entretien-avec-madame-anne-hiltpold-conseillere-detat-en-charge-du-dip\/\" target=\"_blank\" rel=\"noopener\">FAPEO<\/a>, publi\u00e9 la veille de l&#8217;annonce de l&#8217;exclusion des enfants frontaliers des \u00e9coles genevoises.<\/p>\n\n\n\n<figure class=\"wp-block-image size-large\"><img loading=\"lazy\" decoding=\"async\" width=\"774\" height=\"1024\" src=\"https:\/\/ecolepourtous.ch\/wp-content\/uploads\/2025\/08\/GC1-774x1024.png\" alt=\"\" class=\"wp-image-461\" srcset=\"https:\/\/ecolepourtous.ch\/wp-content\/uploads\/2025\/08\/GC1-774x1024.png 774w, https:\/\/ecolepourtous.ch\/wp-content\/uploads\/2025\/08\/GC1-227x300.png 227w, https:\/\/ecolepourtous.ch\/wp-content\/uploads\/2025\/08\/GC1-768x1016.png 768w, https:\/\/ecolepourtous.ch\/wp-content\/uploads\/2025\/08\/GC1.png 894w\" sizes=\"auto, (max-width: 774px) 100vw, 774px\" \/><\/figure>\n\n\n\n<figure class=\"wp-block-image size-full\"><img loading=\"lazy\" decoding=\"async\" width=\"709\" height=\"970\" src=\"https:\/\/ecolepourtous.ch\/wp-content\/uploads\/2025\/08\/GC2.png\" alt=\"\" class=\"wp-image-462\" srcset=\"https:\/\/ecolepourtous.ch\/wp-content\/uploads\/2025\/08\/GC2.png 709w, https:\/\/ecolepourtous.ch\/wp-content\/uploads\/2025\/08\/GC2-219x300.png 219w\" sizes=\"auto, (max-width: 709px) 100vw, 709px\" \/><\/figure>\n\n\n\n<figure class=\"wp-block-image size-large\"><img loading=\"lazy\" decoding=\"async\" width=\"718\" height=\"1024\" src=\"https:\/\/ecolepourtous.ch\/wp-content\/uploads\/2025\/08\/GC3-718x1024.png\" alt=\"\" class=\"wp-image-463\" srcset=\"https:\/\/ecolepourtous.ch\/wp-content\/uploads\/2025\/08\/GC3-718x1024.png 718w, https:\/\/ecolepourtous.ch\/wp-content\/uploads\/2025\/08\/GC3-210x300.png 210w, https:\/\/ecolepourtous.ch\/wp-content\/uploads\/2025\/08\/GC3.png 722w\" sizes=\"auto, (max-width: 718px) 100vw, 718px\" \/><\/figure>\n\n\n\n<p><\/p>\n","protected":false},"excerpt":{"rendered":"<p>Interview de Mme Hitpold par la FAPEO De qui se moque-t-on ? des familles, des enfants, de tout le monde&#8230; Comment faire confiance \u00e0 la parole de nos \u00e9lus. Interview de la FAPEO, publi\u00e9 la veille de l&#8217;annonce de l&#8217;exclusion des enfants frontaliers des \u00e9coles genevoises.<\/p>\n","protected":false},"author":2,"featured_media":0,"parent":0,"menu_order":0,"comment_status":"closed","ping_status":"closed","template":"","meta":{"footnotes":""},"class_list":["post-460","page","type-page","status-publish","hentry"],"_links":{"self":[{"href":"https:\/\/ecolepourtous.ch\/index.php\/wp-json\/wp\/v2\/pages\/460","targetHints":{"allow":["GET"]}}],"collection":[{"href":"https:\/\/ecolepourtous.ch\/index.php\/wp-json\/wp\/v2\/pages"}],"about":[{"href":"https:\/\/ecolepourtous.ch\/index.php\/wp-json\/wp\/v2\/types\/page"}],"author":[{"embeddable":true,"href":"https:\/\/ecolepourtous.ch\/index.php\/wp-json\/wp\/v2\/users\/2"}],"replies":[{"embeddable":true,"href":"https:\/\/ecolepourtous.ch\/index.php\/wp-json\/wp\/v2\/comments?post=460"}],"version-history":[{"count":2,"href":"https:\/\/ecolepourtous.ch\/index.php\/wp-json\/wp\/v2\/pages\/460\/revisions"}],"predecessor-version":[{"id":480,"href":"https:\/\/ecolepourtous.ch\/index.php\/wp-json\/wp\/v2\/pages\/460\/revisions\/480"}],"wp:attachment":[{"href":"https:\/\/ecolepourtous.ch\/index.php\/wp-json\/wp\/v2\/media?parent=460"}],"curies":[{"name":"wp","href":"https:\/\/api.w.org\/{rel}","templated":true}]}}